{"id":269,"date":"2017-09-12T08:51:29","date_gmt":"2017-09-12T06:51:29","guid":{"rendered":"http:\/\/185.22.110.152\/~massidagroup\/?page_id=269"},"modified":"2020-12-10T17:05:05","modified_gmt":"2020-12-10T16:05:05","slug":"hhg-moving-djibouti-ethiopia","status":"publish","type":"page","link":"https:\/\/www.massidagroup.com\/en\/hhg-moving-djibouti-ethiopia\/","title":{"rendered":"Personal effects international relocation &#8211; Djibouti\/Ethiopia Mover"},"content":{"rendered":"<div class=\"fusion-fullwidth fullwidth-box fusion-builder-row-1 nonhundred-percent-fullwidth non-hundred-percent-height-scrolling\" style=\"background-color: rgba(255,255,255,0);background-position: center center;background-repeat: no-repeat;padding-top:0px;padding-right:0px;padding-bottom:0px;padding-left:0px;margin-bottom: 0px;margin-top: 0px;border-width: 0px 0px 0px 0px;border-color:#eae9e9;border-style:solid;\" ><div class=\"fusion-builder-row fusion-row\"><div class=\"fusion-layout-column fusion_builder_column fusion-builder-column-0 fusion_builder_column_1_3 1_3 fusion-one-third fusion-column-first\" style=\"width:30.6666%; margin-right: 4%;margin-top:0px;margin-bottom:0px;\"><div class=\"fusion-column-wrapper fusion-flex-column-wrapper-legacy\" style=\"background-position:left top;background-repeat:no-repeat;-webkit-background-size:cover;-moz-background-size:cover;-o-background-size:cover;background-size:cover;padding: 0px 0px 0px 0px;\"><style type=\"text\/css\">.fusion-gallery-1 .fusion-gallery-image {border:0px solid #f6f6f6;}<\/style><div class=\"awb-gallery-wrapper awb-gallery-wrapper-1 button-span-no\"><div class=\"fusion-gallery fusion-gallery-container fusion-grid-1 fusion-columns-total-3 fusion-gallery-layout-grid fusion-gallery-1\" style=\"margin:-5px;\"><div style=\"padding:5px;\" class=\"fusion-grid-column fusion-gallery-column fusion-gallery-column-1 hover-type-none\"><div class=\"fusion-gallery-image\"><a href=\"https:\/\/www.massidagroup.com\/wp-content\/uploads\/2017\/09\/transports-massida.jpg\" target=\"_self\"><img decoding=\"async\" src=\"https:\/\/www.massidagroup.com\/wp-content\/uploads\/2017\/09\/transports-massida.jpg\" width=\"800\" height=\"533\" alt=\"\" title=\"transports-massida\" aria-label=\"transports-massida\" class=\"img-responsive wp-image-566\" srcset=\"https:\/\/www.massidagroup.com\/wp-content\/uploads\/2017\/09\/transports-massida-200x133.jpg 200w, https:\/\/www.massidagroup.com\/wp-content\/uploads\/2017\/09\/transports-massida-400x267.jpg 400w, https:\/\/www.massidagroup.com\/wp-content\/uploads\/2017\/09\/transports-massida-600x400.jpg 600w, https:\/\/www.massidagroup.com\/wp-content\/uploads\/2017\/09\/transports-massida.jpg 800w\" sizes=\"(min-width: 2200px) 100vw, (min-width: 640px) 1100px, \" \/><\/a><\/div><\/div><div class=\"clearfix\"><\/div><div style=\"padding:5px;\" class=\"fusion-grid-column fusion-gallery-column fusion-gallery-column-1 hover-type-none\"><div class=\"fusion-gallery-image\"><a href=\"https:\/\/www.massidagroup.com\/wp-content\/uploads\/2017\/09\/demenagement-djibouti.png\" target=\"_self\"><img decoding=\"async\" src=\"https:\/\/www.massidagroup.com\/wp-content\/uploads\/2017\/09\/demenagement-djibouti.png\" width=\"657\" height=\"322\" alt=\"\" title=\"demenagement-djibouti\" aria-label=\"demenagement-djibouti\" class=\"img-responsive wp-image-565\" srcset=\"https:\/\/www.massidagroup.com\/wp-content\/uploads\/2017\/09\/demenagement-djibouti-200x98.png 200w, https:\/\/www.massidagroup.com\/wp-content\/uploads\/2017\/09\/demenagement-djibouti-400x196.png 400w, https:\/\/www.massidagroup.com\/wp-content\/uploads\/2017\/09\/demenagement-djibouti-600x294.png 600w, https:\/\/www.massidagroup.com\/wp-content\/uploads\/2017\/09\/demenagement-djibouti.png 657w\" sizes=\"(min-width: 2200px) 100vw, (min-width: 640px) 1100px, \" \/><\/a><\/div><\/div><div class=\"clearfix\"><\/div><div style=\"padding:5px;\" class=\"fusion-grid-column fusion-gallery-column fusion-gallery-column-1 hover-type-none\"><div class=\"fusion-gallery-image\"><a href=\"https:\/\/www.massidagroup.com\/wp-content\/uploads\/2017\/09\/1262-demenagement.jpg\" target=\"_self\"><img decoding=\"async\" src=\"https:\/\/www.massidagroup.com\/wp-content\/uploads\/2017\/09\/1262-demenagement.jpg\" width=\"800\" height=\"853\" alt=\"\" title=\"1262-demenagement\" aria-label=\"1262-demenagement\" class=\"img-responsive wp-image-740\" srcset=\"https:\/\/www.massidagroup.com\/wp-content\/uploads\/2017\/09\/1262-demenagement-200x213.jpg 200w, https:\/\/www.massidagroup.com\/wp-content\/uploads\/2017\/09\/1262-demenagement-400x427.jpg 400w, https:\/\/www.massidagroup.com\/wp-content\/uploads\/2017\/09\/1262-demenagement-600x640.jpg 600w, https:\/\/www.massidagroup.com\/wp-content\/uploads\/2017\/09\/1262-demenagement.jpg 800w\" sizes=\"(min-width: 2200px) 100vw, (min-width: 640px) 1100px, \" \/><\/a><\/div><\/div><div class=\"clearfix\"><\/div><\/div><\/div><div class=\"fusion-clearfix\"><\/div><\/div><\/div><div class=\"fusion-layout-column fusion_builder_column fusion-builder-column-1 fusion_builder_column_2_3 2_3 fusion-two-third fusion-column-last\" style=\"width:65.3333%;margin-top:0px;margin-bottom:0px;\"><div class=\"fusion-column-wrapper fusion-flex-column-wrapper-legacy\" style=\"background-position:left top;background-repeat:no-repeat;-webkit-background-size:cover;-moz-background-size:cover;-o-background-size:cover;background-size:cover;padding: 0px 0px 0px 0px;\"><div class=\"fusion-text fusion-text-1\"><h2>Massida supports you in every corner of the world<\/h2>\n<p>The team uses <strong>quality packing materials<\/strong> to protect your personal effects and fragile belongings.<\/p>\n<h3><i class=\"fas fa-arrow-alt-circle-right\"><\/i> Ask for a free quote, a manager will proceed to evaluate volumes and requirements.<\/h3>\n<p>With more than 50 years of know-how, Massida supports its clients in every corner of the world.<\/p>\n<p>More than 600 moves per season of career soldiers, expatriates, diplomats, companies and NGOs\/IGOs makes Massida a solid supplier you can trust in Djibouti and Ethiopia!<\/p>\n<h2>Tailored services:<\/h2>\n<ul class=\"fa-ul\">\n<li><i class=\"fa fa-check\"><\/i> Air and sea international services,<\/li>\n<li><i class=\"fa fa-check\"><\/i> Customs clearance and documentation assistance,<\/li>\n<li><i class=\"fa fa-check\"><\/i> Insurance,<\/li>\n<li><i class=\"fa fa-check\"><\/i> Single contact person,<\/li>\n<li><i class=\"fa fa-check\"><\/i> Estimation of the overall volume to be sent,<\/li>\n<li><i class=\"fa fa-check\"><\/i> Secured storage facility,<\/li>\n<li><i class=\"fa fa-check\"><\/i> Vehicle Transportation (cars, motorcycles, boats\u2026),<\/li>\n<li><i class=\"fa fa-check\"><\/i> Provision and delivery of all types of packaging material including UAB,<\/li>\n<li><i class=\"fa fa-check\"><\/i> Heat treated wooden custom crates manufactured by the company\u2019s in-house woodshop,<\/li>\n<li><i class=\"fa fa-check\"><\/i> Pickup or delivery of crates and loading \/ unloading of crates or containers,<\/li>\n<li><i class=\"fa fa-check\"><\/i> Packaging of fragile goods,<\/li>\n<\/ul>\n<p><strong>Massida is member of the French Employer\u2019s Federation of the Move (Chambre Syndicale du D\u00e9m\u00e9nagement Fran\u00e7aise) and IAM (International Association of Movers).<\/strong><b><\/b><\/p>\n<\/div><div class=\"fusion-clearfix\"><\/div><\/div><\/div><\/div><\/div>\n","protected":false},"excerpt":{"rendered":"","protected":false},"author":1,"featured_media":0,"parent":0,"menu_order":0,"comment_status":"closed","ping_status":"closed","template":"","meta":{"footnotes":""},"class_list":["post-269","page","type-page","status-publish","hentry"],"yoast_head":"<!-- This site is optimized with the Yoast SEO plugin v27.3 - https:\/\/yoast.com\/product\/yoast-seo-wordpress\/ -->\n<title>Personal effects international relocation - Djibouti\/Ethiopia Mover - Massida<\/title>\n<meta name=\"description\" content=\"More than 600 moves\/season: career soldiers, expatriates, diplomats, companies and NGOs\/IGOs. Massida is Your mover in Djibouti and Ethiopia.\" \/>\n<meta name=\"robots\" content=\"index, follow, max-snippet:-1, max-image-preview:large, max-video-preview:-1\" \/>\n<link rel=\"canonical\" href=\"https:\/\/www.massidagroup.com\/en\/hhg-moving-djibouti-ethiopia\/\" \/>\n<meta property=\"og:locale\" content=\"en_US\" \/>\n<meta property=\"og:type\" content=\"article\" \/>\n<meta property=\"og:title\" content=\"Personal effects international relocation - Djibouti\/Ethiopia Mover - Massida\" \/>\n<meta property=\"og:description\" content=\"More than 600 moves\/season: career soldiers, expatriates, diplomats, companies and NGOs\/IGOs. Massida is Your mover in Djibouti and Ethiopia.\" \/>\n<meta property=\"og:url\" content=\"https:\/\/www.massidagroup.com\/en\/hhg-moving-djibouti-ethiopia\/\" \/>\n<meta property=\"og:site_name\" content=\"Massida GROUP\" \/>\n<meta property=\"article:publisher\" content=\"https:\/\/web.facebook.com\/massidagroup\/?_rdc=1&amp;_rdr\" \/>\n<meta property=\"article:modified_time\" content=\"2020-12-10T16:05:05+00:00\" \/>\n<meta name=\"twitter:card\" content=\"summary_large_image\" \/>\n<meta name=\"twitter:label1\" content=\"Est. reading time\" \/>\n\t<meta name=\"twitter:data1\" content=\"2 minutes\" \/>\n<script type=\"application\/ld+json\" class=\"yoast-schema-graph\">{\"@context\":\"https:\\\/\\\/schema.org\",\"@graph\":[{\"@type\":\"WebPage\",\"@id\":\"https:\\\/\\\/www.massidagroup.com\\\/en\\\/hhg-moving-djibouti-ethiopia\\\/\",\"url\":\"https:\\\/\\\/www.massidagroup.com\\\/en\\\/hhg-moving-djibouti-ethiopia\\\/\",\"name\":\"Personal effects international relocation - Djibouti\\\/Ethiopia Mover - Massida\",\"isPartOf\":{\"@id\":\"https:\\\/\\\/www.massidagroup.com\\\/#website\"},\"datePublished\":\"2017-09-12T06:51:29+00:00\",\"dateModified\":\"2020-12-10T16:05:05+00:00\",\"description\":\"More than 600 moves\\\/season: career soldiers, expatriates, diplomats, companies and NGOs\\\/IGOs. Massida is Your mover in Djibouti and Ethiopia.\",\"breadcrumb\":{\"@id\":\"https:\\\/\\\/www.massidagroup.com\\\/en\\\/hhg-moving-djibouti-ethiopia\\\/#breadcrumb\"},\"inLanguage\":\"en-US\",\"potentialAction\":[{\"@type\":\"ReadAction\",\"target\":[\"https:\\\/\\\/www.massidagroup.com\\\/en\\\/hhg-moving-djibouti-ethiopia\\\/\"]}]},{\"@type\":\"BreadcrumbList\",\"@id\":\"https:\\\/\\\/www.massidagroup.com\\\/en\\\/hhg-moving-djibouti-ethiopia\\\/#breadcrumb\",\"itemListElement\":[{\"@type\":\"ListItem\",\"position\":1,\"name\":\"Home\",\"item\":\"https:\\\/\\\/www.massidagroup.com\\\/en\\\/\"},{\"@type\":\"ListItem\",\"position\":2,\"name\":\"Personal effects international relocation &#8211; Djibouti\\\/Ethiopia Mover\"}]},{\"@type\":\"WebSite\",\"@id\":\"https:\\\/\\\/www.massidagroup.com\\\/#website\",\"url\":\"https:\\\/\\\/www.massidagroup.com\\\/\",\"name\":\"Massida GROUP\",\"description\":\"Clearing and forwarding \\\/ logistic company\",\"potentialAction\":[{\"@type\":\"SearchAction\",\"target\":{\"@type\":\"EntryPoint\",\"urlTemplate\":\"https:\\\/\\\/www.massidagroup.com\\\/?s={search_term_string}\"},\"query-input\":{\"@type\":\"PropertyValueSpecification\",\"valueRequired\":true,\"valueName\":\"search_term_string\"}}],\"inLanguage\":\"en-US\"}]}<\/script>\n<!-- \/ Yoast SEO plugin. -->","yoast_head_json":{"title":"Personal effects international relocation - Djibouti\/Ethiopia Mover - Massida","description":"More than 600 moves\/season: career soldiers, expatriates, diplomats, companies and NGOs\/IGOs. Massida is Your mover in Djibouti and Ethiopia.","robots":{"index":"index","follow":"follow","max-snippet":"max-snippet:-1","max-image-preview":"max-image-preview:large","max-video-preview":"max-video-preview:-1"},"canonical":"https:\/\/www.massidagroup.com\/en\/hhg-moving-djibouti-ethiopia\/","og_locale":"en_US","og_type":"article","og_title":"Personal effects international relocation - Djibouti\/Ethiopia Mover - Massida","og_description":"More than 600 moves\/season: career soldiers, expatriates, diplomats, companies and NGOs\/IGOs. Massida is Your mover in Djibouti and Ethiopia.","og_url":"https:\/\/www.massidagroup.com\/en\/hhg-moving-djibouti-ethiopia\/","og_site_name":"Massida GROUP","article_publisher":"https:\/\/web.facebook.com\/massidagroup\/?_rdc=1&_rdr","article_modified_time":"2020-12-10T16:05:05+00:00","twitter_card":"summary_large_image","twitter_misc":{"Est. reading time":"2 minutes"},"schema":{"@context":"https:\/\/schema.org","@graph":[{"@type":"WebPage","@id":"https:\/\/www.massidagroup.com\/en\/hhg-moving-djibouti-ethiopia\/","url":"https:\/\/www.massidagroup.com\/en\/hhg-moving-djibouti-ethiopia\/","name":"Personal effects international relocation - Djibouti\/Ethiopia Mover - Massida","isPartOf":{"@id":"https:\/\/www.massidagroup.com\/#website"},"datePublished":"2017-09-12T06:51:29+00:00","dateModified":"2020-12-10T16:05:05+00:00","description":"More than 600 moves\/season: career soldiers, expatriates, diplomats, companies and NGOs\/IGOs. Massida is Your mover in Djibouti and Ethiopia.","breadcrumb":{"@id":"https:\/\/www.massidagroup.com\/en\/hhg-moving-djibouti-ethiopia\/#breadcrumb"},"inLanguage":"en-US","potentialAction":[{"@type":"ReadAction","target":["https:\/\/www.massidagroup.com\/en\/hhg-moving-djibouti-ethiopia\/"]}]},{"@type":"BreadcrumbList","@id":"https:\/\/www.massidagroup.com\/en\/hhg-moving-djibouti-ethiopia\/#breadcrumb","itemListElement":[{"@type":"ListItem","position":1,"name":"Home","item":"https:\/\/www.massidagroup.com\/en\/"},{"@type":"ListItem","position":2,"name":"Personal effects international relocation &#8211; Djibouti\/Ethiopia Mover"}]},{"@type":"WebSite","@id":"https:\/\/www.massidagroup.com\/#website","url":"https:\/\/www.massidagroup.com\/","name":"Massida GROUP","description":"Clearing and forwarding \/ logistic company","potentialAction":[{"@type":"SearchAction","target":{"@type":"EntryPoint","urlTemplate":"https:\/\/www.massidagroup.com\/?s={search_term_string}"},"query-input":{"@type":"PropertyValueSpecification","valueRequired":true,"valueName":"search_term_string"}}],"inLanguage":"en-US"}]}},"_links":{"self":[{"href":"https:\/\/www.massidagroup.com\/en\/wp-json\/wp\/v2\/pages\/269","targetHints":{"allow":["GET"]}}],"collection":[{"href":"https:\/\/www.massidagroup.com\/en\/wp-json\/wp\/v2\/pages"}],"about":[{"href":"https:\/\/www.massidagroup.com\/en\/wp-json\/wp\/v2\/types\/page"}],"author":[{"embeddable":true,"href":"https:\/\/www.massidagroup.com\/en\/wp-json\/wp\/v2\/users\/1"}],"replies":[{"embeddable":true,"href":"https:\/\/www.massidagroup.com\/en\/wp-json\/wp\/v2\/comments?post=269"}],"version-history":[{"count":17,"href":"https:\/\/www.massidagroup.com\/en\/wp-json\/wp\/v2\/pages\/269\/revisions"}],"predecessor-version":[{"id":2540,"href":"https:\/\/www.massidagroup.com\/en\/wp-json\/wp\/v2\/pages\/269\/revisions\/2540"}],"wp:attachment":[{"href":"https:\/\/www.massidagroup.com\/en\/wp-json\/wp\/v2\/media?parent=269"}],"curies":[{"name":"wp","href":"https:\/\/api.w.org\/{rel}","templated":true}]}}